{"id":65141,"date":"2023-10-25T14:43:51","date_gmt":"2023-10-25T13:43:51","guid":{"rendered":"https:\/\/www.cashontime.com\/es\/?page_id=65141"},"modified":"2025-04-16T09:27:56","modified_gmt":"2025-04-16T07:27:56","slug":"libros-blancos","status":"publish","type":"page","link":"https:\/\/www.cashontime.com\/es\/libros-blancos\/","title":{"rendered":"Libros blancos"},"content":{"rendered":"<div data-elementor-type=\"wp-page\" data-elementor-id=\"65141\" class=\"elementor elementor-65141\" data-elementor-post-type=\"page\">\n\t\t\t\t\t\t<section class=\"elementor-section elementor-top-section elementor-element elementor-element-2fdb8c3 elementor-section-height-min-height elementor-section-boxed elementor-section-height-default elementor-section-items-middle\" data-id=\"2fdb8c3\" data-element_type=\"section\" data-e-type=\"section\" data-settings='{\"background_background\":\"classic\"}'>\n\t\t\t\t\t\t<div class=\"elementor-container elementor-column-gap-default\">\n\t\t\t\t\t<div class=\"elementor-column elementor-col-100 elementor-top-column elementor-element elementor-element-79c76a7\" data-id=\"79c76a7\" data-element_type=\"column\" data-e-type=\"column\">\n\t\t\t<div class=\"elementor-widget-wrap elementor-element-populated\">\n\t\t\t\t\t\t<div class=\"elementor-element elementor-element-333466f elementor-widget elementor-widget-heading\" data-id=\"333466f\" data-element_type=\"widget\" data-e-type=\"widget\" data-widget_type=\"heading.default\">\n\t\t\t\t<div class=\"elementor-widget-container\">\n\t\t\t\t\t<h1 class=\"elementor-heading-title elementor-size-default\">Libros blancos<\/h1>\n\n\t\t\t\t<\/div>\n\t\t\t\t<\/div>\n\t\t\t\t<div class=\"elementor-element elementor-element-f512d98 elementor-widget elementor-widget-text-editor\" data-id=\"f512d98\" data-element_type=\"widget\" data-e-type=\"widget\" data-widget_type=\"text-editor.default\">\n\t\t\t\t<div class=\"elementor-widget-container\">\n\t\t\t\t\t<p>Descargue nuestros libros blancos y libros electr\u00f3nicos gratuitos para ayudarle<br>para ayudarle a pensar estrat\u00e9gicamente cada d\u00eda.<\/p>\n\n\t\t\t\t\n\n\t\t\t\t<\/div>\n\t\t\t\t<\/div>\n\t\t\t\t\t<\/div>\n\t\t<\/div>\n\t\t\t\t\t<\/div>\n\t\t<\/section>\n\t\t\t\t<section class=\"elementor-section elementor-top-section elementor-element elementor-element-a5499e5 elementor-section-boxed elementor-section-height-default elementor-section-height-default\" data-id=\"a5499e5\" data-element_type=\"section\" data-e-type=\"section\">\n\t\t\t\t\t\t<div class=\"elementor-container elementor-column-gap-default\">\n\t\t\t\t\t<div class=\"elementor-column elementor-col-100 elementor-top-column elementor-element elementor-element-574ffeb\" data-id=\"574ffeb\" data-element_type=\"column\" data-e-type=\"column\" data-settings='{\"background_background\":\"classic\"}'>\n\t\t\t<div class=\"elementor-widget-wrap elementor-element-populated\">\n\t\t\t\t\t\t<section class=\"elementor-section elementor-inner-section elementor-element elementor-element-62d7330 elementor-section-boxed elementor-section-height-default elementor-section-height-default\" data-id=\"62d7330\" data-element_type=\"section\" data-e-type=\"section\">\n\t\t\t\t\t\t<div class=\"elementor-container elementor-column-gap-wider\">\n\t\t\t\t\t<div class=\"elementor-column elementor-col-33 elementor-inner-column elementor-element elementor-element-724cb47\" data-id=\"724cb47\" data-element_type=\"column\" data-e-type=\"column\">\n\t\t\t<div class=\"elementor-widget-wrap elementor-element-populated\">\n\t\t\t\t\t\t<div class=\"elementor-element elementor-element-dfb6e26 elementor-widget elementor-widget-image\" data-id=\"dfb6e26\" data-element_type=\"widget\" data-e-type=\"widget\" data-widget_type=\"image.default\">\n\t\t\t\t<div class=\"elementor-widget-container\">\n\t\t\t\t\t<a href=\"#\" data-o=\"aHR0cHM6Ly9scC5jYXNob250aW1lLmNvbS9lcy9lYm9vay1idWVuYXMtcHJhY3RpY2FzLWN1bHR1cmEtY2FqYS8=\" class=\"obflinkblank\">\n\t\t\t\t\t\t\t<img fetchpriority=\"high\" decoding=\"async\" width=\"360\" height=\"216\" src=\"https:\/\/www.cashontime.com\/es\/wp-content\/uploads\/livre-blanc-les-bonnes-pratiques-de-la-culture-cash.png\" class=\"elementor-animation-grow attachment-full size-full wp-image-67737\" alt=\"libro blanco - mejores practicas en cultura de caja\">\t\t\t\t\t\t\t\t<\/a>\n\t\t\t\t\t\t\t\t\t\t\t\n\n\t\t\t\t<\/div>\n\t\t\t\t<\/div>\n\t\t\t\t<div class=\"elementor-element elementor-element-97001c5 elementor-widget elementor-widget-heading\" data-id=\"97001c5\" data-element_type=\"widget\" data-e-type=\"widget\" data-widget_type=\"heading.default\">\n\t\t\t\t<div class=\"elementor-widget-container\">\n\t\t\t\t\t<h2 class=\"elementor-heading-title elementor-size-default\"><a href=\"#\" data-o=\"aHR0cHM6Ly9scC5jYXNob250aW1lLmNvbS9lcy9lYm9vay1idWVuYXMtcHJhY3RpY2FzLWN1bHR1cmEtY2FqYS8=\" class=\"obflinkblank\">Buenas pr\u00e1cticas en cultura de caja<\/a><\/h2>\n\n\t\t\t\t<\/div>\n\t\t\t\t<\/div>\n\t\t\t\t\t<\/div>\n\t\t<\/div>\n\t\t\t\t<div class=\"elementor-column elementor-col-33 elementor-inner-column elementor-element elementor-element-94bae27\" data-id=\"94bae27\" data-element_type=\"column\" data-e-type=\"column\">\n\t\t\t<div class=\"elementor-widget-wrap elementor-element-populated\">\n\t\t\t\t\t\t<div class=\"elementor-element elementor-element-218529a elementor-widget elementor-widget-image\" data-id=\"218529a\" data-element_type=\"widget\" data-e-type=\"widget\" data-widget_type=\"image.default\">\n\t\t\t\t<div class=\"elementor-widget-container\">\n\t\t\t\t\t<a href=\"#\" data-o=\"aHR0cHM6Ly9scC5jYXNob250aW1lLmNvbS9lcy9lYm9vay1nZXN0aW9uLXJpZXNnby1jbGllbnRlcy8=\" class=\"obflinkblank\">\n\t\t\t\t\t\t\t<img decoding=\"async\" width=\"360\" height=\"216\" src=\"https:\/\/www.cashontime.com\/es\/wp-content\/uploads\/livre-blanc-risque-client-1.png\" class=\"elementor-animation-grow attachment-full size-full wp-image-67738\" alt=\"libro blanco sobre el riesgo del cliente\">\t\t\t\t\t\t\t\t<\/a>\n\t\t\t\t\t\t\t\t\t\t\t\n\n\t\t\t\t<\/div>\n\t\t\t\t<\/div>\n\t\t\t\t<div class=\"elementor-element elementor-element-6a15c53 elementor-widget elementor-widget-heading\" data-id=\"6a15c53\" data-element_type=\"widget\" data-e-type=\"widget\" data-widget_type=\"heading.default\">\n\t\t\t\t<div class=\"elementor-widget-container\">\n\t\t\t\t\t<h2 class=\"elementor-heading-title elementor-size-default\"><a href=\"#\" data-o=\"aHR0cHM6Ly9scC5jYXNob250aW1lLmNvbS9lcy9lYm9vay1nZXN0aW9uLXJpZXNnby1jbGllbnRlcy8=\" class=\"obflinkblank\">Limitar la exposici\u00f3n al riesgo cliente y optimizar el flujo de tesorer\u00eda <\/a><\/h2>\n\n\t\t\t\t<\/div>\n\t\t\t\t<\/div>\n\t\t\t\t\t<\/div>\n\t\t<\/div>\n\t\t\t\t<div class=\"elementor-column elementor-col-33 elementor-inner-column elementor-element elementor-element-4a51f06\" data-id=\"4a51f06\" data-element_type=\"column\" data-e-type=\"column\">\n\t\t\t<div class=\"elementor-widget-wrap\">\n\t\t\t\t\t\t\t<\/div>\n\t\t<\/div>\n\t\t\t\t\t<\/div>\n\t\t<\/section>\n\t\t\t\t\t<\/div>\n\t\t<\/div>\n\t\t\t\t\t<\/div>\n\t\t<\/section>\n\t\t\t\t<\/div>\n\t\t\n\n","protected":false},"excerpt":{"rendered":"<p>Descargue nuestros libros blancos y libros electr\u00f3nicos gratuitos para ayudarlepara ayudarle a pensar estrat\u00e9gicamente cada d\u00eda. Buenas pr\u00e1cticas en cultura de caja Limitar la exposici\u00f3n al riesgo cliente y optimizar el flujo de tesorer\u00eda<\/p>\n","protected":false},"author":2,"featured_media":67929,"parent":0,"menu_order":0,"comment_status":"closed","ping_status":"closed","template":"","meta":{"_acf_changed":false,"_seopress_robots_primary_cat":"","_seopress_titles_title":"Cobro de deudas y rotulaci\u00f3n contable","_seopress_titles_desc":"Descubra nuestros \u00faltimos libros electr\u00f3nicos, libros blancos, sobre los temas de cobro de deudas, cartas contables...","_seopress_robots_index":"","inline_featured_image":false,"site-sidebar-layout":"no-sidebar","site-content-layout":"page-builder","ast-site-content-layout":"full-width-container","site-content-style":"default","site-sidebar-style":"default","ast-global-header-display":"","ast-banner-title-visibility":"","ast-main-header-display":"","ast-hfb-above-header-display":"","ast-hfb-below-header-display":"","ast-hfb-mobile-header-display":"","site-post-title":"disabled","ast-breadcrumbs-content":"","ast-featured-img":"disabled","footer-sml-layout":"","ast-disable-related-posts":"","theme-transparent-header-meta":"default","adv-header-id-meta":"","stick-header-meta":"","header-above-stick-meta":"","header-main-stick-meta":"","header-below-stick-meta":"","astra-migrate-meta-layouts":"set","ast-page-background-enabled":"default","ast-page-background-meta":{"desktop":{"background-color":"var(--ast-global-color-4)","background-image":"","background-repeat":"repeat","background-position":"center center","background-size":"auto","background-attachment":"scroll","background-type":"","background-media":"","overlay-type":"","overlay-color":"","overlay-opacity":"","overlay-gradient":""},"tablet":{"background-color":"","background-image":"","background-repeat":"repeat","background-position":"center center","background-size":"auto","background-attachment":"scroll","background-type":"","background-media":"","overlay-type":"","overlay-color":"","overlay-opacity":"","overlay-gradient":""},"mobile":{"background-color":"","background-image":"","background-repeat":"repeat","background-position":"center center","background-size":"auto","background-attachment":"scroll","background-type":"","background-media":"","overlay-type":"","overlay-color":"","overlay-opacity":"","overlay-gradient":""}},"ast-content-background-meta":{"desktop":{"background-color":"var(--ast-global-color-5)","background-image":"","background-repeat":"repeat","background-position":"center center","background-size":"auto","background-attachment":"scroll","background-type":"","background-media":"","overlay-type":"","overlay-color":"","overlay-opacity":"","overlay-gradient":""},"tablet":{"background-color":"var(--ast-global-color-5)","background-image":"","background-repeat":"repeat","background-position":"center center","background-size":"auto","background-attachment":"scroll","background-type":"","background-media":"","overlay-type":"","overlay-color":"","overlay-opacity":"","overlay-gradient":""},"mobile":{"background-color":"var(--ast-global-color-5)","background-image":"","background-repeat":"repeat","background-position":"center center","background-size":"auto","background-attachment":"scroll","background-type":"","background-media":"","overlay-type":"","overlay-color":"","overlay-opacity":"","overlay-gradient":""}},"footnotes":""},"class_list":["post-65141","page","type-page","status-publish","has-post-thumbnail"],"acf":{"url_francaise":"https:\/\/www.cashontime.com\/livres-blancs\/","url_anglaise":"https:\/\/www.cashontime.com\/en\/white-papers\/"},"_links":{"self":[{"href":"https:\/\/www.cashontime.com\/es\/wp-json\/wp\/v2\/pages\/65141","targetHints":{"allow":["GET"]}}],"collection":[{"href":"https:\/\/www.cashontime.com\/es\/wp-json\/wp\/v2\/pages"}],"about":[{"href":"https:\/\/www.cashontime.com\/es\/wp-json\/wp\/v2\/types\/page"}],"author":[{"embeddable":true,"href":"https:\/\/www.cashontime.com\/es\/wp-json\/wp\/v2\/users\/2"}],"replies":[{"embeddable":true,"href":"https:\/\/www.cashontime.com\/es\/wp-json\/wp\/v2\/comments?post=65141"}],"version-history":[{"count":17,"href":"https:\/\/www.cashontime.com\/es\/wp-json\/wp\/v2\/pages\/65141\/revisions"}],"predecessor-version":[{"id":74736,"href":"https:\/\/www.cashontime.com\/es\/wp-json\/wp\/v2\/pages\/65141\/revisions\/74736"}],"wp:featuredmedia":[{"embeddable":true,"href":"https:\/\/www.cashontime.com\/es\/wp-json\/wp\/v2\/media\/67929"}],"wp:attachment":[{"href":"https:\/\/www.cashontime.com\/es\/wp-json\/wp\/v2\/media?parent=65141"}],"curies":[{"name":"wp","href":"https:\/\/api.w.org\/{rel}","templated":true}]}}